{"id":105,"date":"2020-06-24T07:16:32","date_gmt":"2020-06-24T07:16:32","guid":{"rendered":"https:\/\/jupiterx.artbees.net\/accountant\/?page_id=105"},"modified":"2026-03-26T20:21:36","modified_gmt":"2026-03-26T17:21:36","slug":"blog","status":"publish","type":"page","link":"https:\/\/alanyakuafor.com\/de\/blog\/","title":{"rendered":"Der Blog"},"content":{"rendered":"<div data-elementor-type=\"wp-page\" data-elementor-id=\"105\" class=\"elementor elementor-105\">\n\t\t\t\t<div class=\"elementor-element elementor-element-52bc9e6 e-flex e-con-boxed e-con e-parent\" data-id=\"52bc9e6\" data-element_type=\"container\" data-settings=\"{&quot;background_background&quot;:&quot;classic&quot;,&quot;jet_parallax_layout_list&quot;:[]}\">\n\t\t\t\t\t<div class=\"e-con-inner\">\n\t\t<div class=\"elementor-element elementor-element-ca1f9f6 e-con-full e-flex e-con e-child\" data-id=\"ca1f9f6\" data-element_type=\"container\" data-settings=\"{&quot;jet_parallax_layout_list&quot;:[]}\">\n\t\t\t\t<div class=\"elementor-element elementor-element-445d466 elementor-widget elementor-widget-heading\" data-id=\"445d466\" data-element_type=\"widget\" data-widget_type=\"heading.default\">\n\t\t\t\t\t<h2 class=\"elementor-heading-title elementor-size-default\">Unsere Blogbeitr\u00e4ge<\/h2>\t\t\t\t<\/div>\n\t\t\t\t<\/div>\n\t\t\t\t\t<\/div>\n\t\t\t\t<\/div>\n\t\t<div class=\"elementor-element elementor-element-95e6391 e-flex e-con-boxed elementor-invisible e-con e-parent\" data-id=\"95e6391\" data-element_type=\"container\" data-settings=\"{&quot;jet_parallax_layout_list&quot;:[],&quot;animation&quot;:&quot;fadeInUp&quot;}\">\n\t\t\t\t\t<div class=\"e-con-inner\">\n\t\t<div class=\"elementor-element elementor-element-12b46d6 e-con-full e-flex e-con e-child\" data-id=\"12b46d6\" data-element_type=\"container\" data-settings=\"{&quot;jet_parallax_layout_list&quot;:[]}\">\n\t\t\t\t<div class=\"elementor-element elementor-element-44614b8 elementor-widget elementor-widget-heading\" data-id=\"44614b8\" data-element_type=\"widget\" data-widget_type=\"heading.default\">\n\t\t\t\t\t<h2 class=\"elementor-heading-title elementor-size-default\">Was wir f\u00fcr Sie vorbereitet haben<\/h2>\t\t\t\t<\/div>\n\t\t\t\t<div class=\"elementor-element elementor-element-d70e010 raven-hover-grayscale raven-button-align-center elementor-widget elementor-widget-raven-posts-carousel\" data-id=\"d70e010\" data-element_type=\"widget\" data-settings=\"{&quot;classic_slides_view&quot;:&quot;4&quot;,&quot;classic_post_image_hover_effect&quot;:&quot;grayscale&quot;,&quot;_skin&quot;:&quot;classic&quot;,&quot;classic_slides_view_tablet&quot;:&quot;2&quot;,&quot;classic_slides_view_mobile&quot;:&quot;1&quot;,&quot;classic_slides_scroll&quot;:&quot;1&quot;,&quot;classic_slides_scroll_tablet&quot;:&quot;1&quot;,&quot;classic_slides_scroll_mobile&quot;:&quot;1&quot;,&quot;classic_transition_speed&quot;:500,&quot;classic_enable_infinite_loop&quot;:&quot;yes&quot;,&quot;classic_show_arrows&quot;:&quot;yes&quot;,&quot;query_offset&quot;:0,&quot;classic_columns_space_between&quot;:{&quot;unit&quot;:&quot;px&quot;,&quot;size&quot;:30,&quot;sizes&quot;:[]},&quot;classic_columns_space_between_tablet&quot;:{&quot;unit&quot;:&quot;px&quot;,&quot;size&quot;:20,&quot;sizes&quot;:[]},&quot;classic_columns_space_between_mobile&quot;:{&quot;unit&quot;:&quot;px&quot;,&quot;size&quot;:10,&quot;sizes&quot;:[]}}\" data-widget_type=\"raven-posts-carousel.classic\">\n\t\t\t\t<div class=\"elementor-widget-container\">\n\t\t\t\t\t\t\t<div class=\"raven-posts-carousel raven-swiper-slider\">\r\n\t\t\t<div class=\"raven-posts-carousel-swiper-container swiper\">\r\n\t\t\t\t<div class=\"swiper-wrapper swiper-columns-4\" data-swiper='{&quot;rtl&quot;:false}'>\r\n\t\t\r\n\t\t<div class=\"swiper-slide\">\r\n\t\t\t<div class=\"raven-post-wrapper\">\r\n\t\t\t\t<div class=\"raven-post\">\r\n\t\t\t\t\t\t\t<div class=\"raven-post-image-wrap\">\r\n\t\t\t<a class=\"raven-post-image raven-image-fit\"  href=\"https:\/\/alanyakuafor.com\/de\/alanya-kuafor-secerken-nelere-dikkat-etmelisiniz\/\"><img fetchpriority=\"high\" decoding=\"async\" width=\"1024\" height=\"1024\" src=\"https:\/\/alanyakuafor.com\/wp-content\/uploads\/2025\/08\/1.png\" class=\"attachment-large size-large wp-image-684\" alt=\"\" srcset=\"https:\/\/alanyakuafor.com\/wp-content\/uploads\/2025\/08\/1.png 1024w, https:\/\/alanyakuafor.com\/wp-content\/uploads\/2025\/08\/1-300x300.png 300w, https:\/\/alanyakuafor.com\/wp-content\/uploads\/2025\/08\/1-150x150.png 150w, https:\/\/alanyakuafor.com\/wp-content\/uploads\/2025\/08\/1-768x768.png 768w, https:\/\/alanyakuafor.com\/wp-content\/uploads\/2025\/08\/1-12x12.png 12w, https:\/\/alanyakuafor.com\/wp-content\/uploads\/2025\/08\/1-500x500.png 500w\" sizes=\"(max-width: 1024px) 100vw, 1024px\" \/> <span class=\"raven-post-image-overlay\"><\/span><\/a>\t\t<\/div>\r\n\t\t\r\n\t\t\t\t\t<div class=\"raven-post-content\">\r\n\t\t\t\t\t\t<h3 class=\"raven-post-title\"><a class=\"raven-post-title-link\" href=\"https:\/\/alanyakuafor.com\/de\/alanya-kuafor-secerken-nelere-dikkat-etmelisiniz\/\">Was sollten Sie bei der Wahl eines Friseurs in Alanya beachten?<\/a><\/h3><div class=\"raven-post-excerpt\">Heutzutage ist ein gepflegtes und \u00e4sthetisch ansprechendes Erscheinungsbild sowohl f\u00fcr Frauen als auch f\u00fcr alle, die Wert auf ihren pers\u00f6nlichen Stil legen, von gro\u00dfer Bedeutung. Haarbehandlungen wie Schneiden, F\u00e4rben, Pflegen und Stylen dienen nicht nur dem \u00e4u\u00dferen Erscheinungsbild.<\/div>\t\t<div class=\"raven-post-read-more\">\r\n\t\t\t<a class=\"raven-post-button\" href=\"https:\/\/alanyakuafor.com\/de\/alanya-kuafor-secerken-nelere-dikkat-etmelisiniz\/\"><span class=\"raven-post-button-text\">Mehr lesen<\/span><\/a>\r\n\t\t<\/div>\r\n\t\t\t\t\t\t\t<\/div>\r\n\t\t\t\t<\/div>\r\n\t\t\t<\/div>\r\n\t\t<\/div>\r\n\t\t\r\n\t\t<div class=\"swiper-slide\">\r\n\t\t\t<div class=\"raven-post-wrapper\">\r\n\t\t\t\t<div class=\"raven-post\">\r\n\t\t\t\t\t\t\t<div class=\"raven-post-image-wrap\">\r\n\t\t\t<a class=\"raven-post-image raven-image-fit\"  href=\"https:\/\/alanyakuafor.com\/de\/alanya-kuafor-hizmetlerinde-kalite-guven-ve-profesyonellik-neden-onemlidir\/\"><img decoding=\"async\" width=\"1024\" height=\"1024\" src=\"https:\/\/alanyakuafor.com\/wp-content\/uploads\/2025\/08\/2.png\" class=\"attachment-large size-large wp-image-685\" alt=\"\" srcset=\"https:\/\/alanyakuafor.com\/wp-content\/uploads\/2025\/08\/2.png 1024w, https:\/\/alanyakuafor.com\/wp-content\/uploads\/2025\/08\/2-300x300.png 300w, https:\/\/alanyakuafor.com\/wp-content\/uploads\/2025\/08\/2-150x150.png 150w, https:\/\/alanyakuafor.com\/wp-content\/uploads\/2025\/08\/2-768x768.png 768w, https:\/\/alanyakuafor.com\/wp-content\/uploads\/2025\/08\/2-12x12.png 12w, https:\/\/alanyakuafor.com\/wp-content\/uploads\/2025\/08\/2-500x500.png 500w\" sizes=\"(max-width: 1024px) 100vw, 1024px\" \/> <span class=\"raven-post-image-overlay\"><\/span><\/a>\t\t<\/div>\r\n\t\t\r\n\t\t\t\t\t<div class=\"raven-post-content\">\r\n\t\t\t\t\t\t<h3 class=\"raven-post-title\"><a class=\"raven-post-title-link\" href=\"https:\/\/alanyakuafor.com\/de\/alanya-kuafor-hizmetlerinde-kalite-guven-ve-profesyonellik-neden-onemlidir\/\">Warum sind Qualit\u00e4t, Vertrauen und Professionalit\u00e4t bei Friseurdienstleistungen in Alanya wichtig?<\/a><\/h3><div class=\"raven-post-excerpt\">Heutzutage beschr\u00e4nken sich Friseurdienstleistungen nicht mehr nur auf Haarschnitte und Styling. Die Menschen suchen heute nach dem Look, der am besten zu ihnen passt, m\u00f6chten ihr Haar ges\u00fcnder machen und sich durch professionelle Behandlungen wohler f\u00fchlen.<\/div>\t\t<div class=\"raven-post-read-more\">\r\n\t\t\t<a class=\"raven-post-button\" href=\"https:\/\/alanyakuafor.com\/de\/alanya-kuafor-hizmetlerinde-kalite-guven-ve-profesyonellik-neden-onemlidir\/\"><span class=\"raven-post-button-text\">Mehr lesen<\/span><\/a>\r\n\t\t<\/div>\r\n\t\t\t\t\t\t\t<\/div>\r\n\t\t\t\t<\/div>\r\n\t\t\t<\/div>\r\n\t\t<\/div>\r\n\t\t\r\n\t\t<div class=\"swiper-slide\">\r\n\t\t\t<div class=\"raven-post-wrapper\">\r\n\t\t\t\t<div class=\"raven-post\">\r\n\t\t\t\t\t\t\t<div class=\"raven-post-image-wrap\">\r\n\t\t\t<a class=\"raven-post-image raven-image-fit\"  href=\"https:\/\/alanyakuafor.com\/de\/alanyada-dogru-kuafor-secimi-icin-bilmeniz-gerekenler\/\"><img decoding=\"async\" width=\"1024\" height=\"1024\" src=\"https:\/\/alanyakuafor.com\/wp-content\/uploads\/2025\/08\/3.png\" class=\"attachment-large size-large wp-image-686\" alt=\"\" srcset=\"https:\/\/alanyakuafor.com\/wp-content\/uploads\/2025\/08\/3.png 1024w, https:\/\/alanyakuafor.com\/wp-content\/uploads\/2025\/08\/3-300x300.png 300w, https:\/\/alanyakuafor.com\/wp-content\/uploads\/2025\/08\/3-150x150.png 150w, https:\/\/alanyakuafor.com\/wp-content\/uploads\/2025\/08\/3-768x768.png 768w, https:\/\/alanyakuafor.com\/wp-content\/uploads\/2025\/08\/3-12x12.png 12w, https:\/\/alanyakuafor.com\/wp-content\/uploads\/2025\/08\/3-500x500.png 500w\" sizes=\"(max-width: 1024px) 100vw, 1024px\" \/> <span class=\"raven-post-image-overlay\"><\/span><\/a>\t\t<\/div>\r\n\t\t\r\n\t\t\t\t\t<div class=\"raven-post-content\">\r\n\t\t\t\t\t\t<h3 class=\"raven-post-title\"><a class=\"raven-post-title-link\" href=\"https:\/\/alanyakuafor.com\/de\/alanyada-dogru-kuafor-secimi-icin-bilmeniz-gerekenler\/\">Was Sie wissen m\u00fcssen, um den richtigen Friseur in Alanya auszuw\u00e4hlen.<\/a><\/h3><div class=\"raven-post-excerpt\">K\u00f6rperpflege ist heutzutage nicht nur aus \u00e4sthetischen Gr\u00fcnden unerl\u00e4sslich, sondern auch, um sich wohlzuf\u00fchlen und das Selbstvertrauen zu st\u00e4rken. Dies gilt insbesondere f\u00fcr Haarpflege, Haarschnitte, F\u00e4rben und professionelles Styling.<\/div>\t\t<div class=\"raven-post-read-more\">\r\n\t\t\t<a class=\"raven-post-button\" href=\"https:\/\/alanyakuafor.com\/de\/alanyada-dogru-kuafor-secimi-icin-bilmeniz-gerekenler\/\"><span class=\"raven-post-button-text\">Mehr lesen<\/span><\/a>\r\n\t\t<\/div>\r\n\t\t\t\t\t\t\t<\/div>\r\n\t\t\t\t<\/div>\r\n\t\t\t<\/div>\r\n\t\t<\/div>\r\n\t\t\r\n\t\t<div class=\"swiper-slide\">\r\n\t\t\t<div class=\"raven-post-wrapper\">\r\n\t\t\t\t<div class=\"raven-post\">\r\n\t\t\t\t\t\t\t<div class=\"raven-post-image-wrap\">\r\n\t\t\t<a class=\"raven-post-image raven-image-fit\"  href=\"https:\/\/alanyakuafor.com\/de\/alanya-kuafor-hizmeti-alirken-sac-sagligi-neden-oncelikli-olmalidir\/\"><img loading=\"lazy\" decoding=\"async\" width=\"1024\" height=\"1024\" src=\"https:\/\/alanyakuafor.com\/wp-content\/uploads\/2025\/08\/4.png\" class=\"attachment-large size-large wp-image-687\" alt=\"\" srcset=\"https:\/\/alanyakuafor.com\/wp-content\/uploads\/2025\/08\/4.png 1024w, https:\/\/alanyakuafor.com\/wp-content\/uploads\/2025\/08\/4-300x300.png 300w, https:\/\/alanyakuafor.com\/wp-content\/uploads\/2025\/08\/4-150x150.png 150w, https:\/\/alanyakuafor.com\/wp-content\/uploads\/2025\/08\/4-768x768.png 768w, https:\/\/alanyakuafor.com\/wp-content\/uploads\/2025\/08\/4-12x12.png 12w, https:\/\/alanyakuafor.com\/wp-content\/uploads\/2025\/08\/4-500x500.png 500w\" sizes=\"(max-width: 1024px) 100vw, 1024px\" \/> <span class=\"raven-post-image-overlay\"><\/span><\/a>\t\t<\/div>\r\n\t\t\r\n\t\t\t\t\t<div class=\"raven-post-content\">\r\n\t\t\t\t\t\t<h3 class=\"raven-post-title\"><a class=\"raven-post-title-link\" href=\"https:\/\/alanyakuafor.com\/de\/alanya-kuafor-hizmeti-alirken-sac-sagligi-neden-oncelikli-olmalidir\/\">Warum sollte die Haargesundheit bei der Wahl eines Friseursalons in Alanya Priorit\u00e4t haben?<\/a><\/h3><div class=\"raven-post-excerpt\">Haare geh\u00f6ren zu den auff\u00e4lligsten Aspekten des Aussehens. Gepflegtes, gl\u00e4nzendes und perfekt gestyltes Haar beeinflusst sowohl den Stil als auch das Selbstbewusstsein. Doch sch\u00f6nes Haar l\u00e4sst sich nicht allein durch gute Haarpflege erreichen.<\/div>\t\t<div class=\"raven-post-read-more\">\r\n\t\t\t<a class=\"raven-post-button\" href=\"https:\/\/alanyakuafor.com\/de\/alanya-kuafor-hizmeti-alirken-sac-sagligi-neden-oncelikli-olmalidir\/\"><span class=\"raven-post-button-text\">Mehr lesen<\/span><\/a>\r\n\t\t<\/div>\r\n\t\t\t\t\t\t\t<\/div>\r\n\t\t\t\t<\/div>\r\n\t\t\t<\/div>\r\n\t\t<\/div>\r\n\t\t\r\n\t\t<div class=\"swiper-slide\">\r\n\t\t\t<div class=\"raven-post-wrapper\">\r\n\t\t\t\t<div class=\"raven-post\">\r\n\t\t\t\t\t\t\t<div class=\"raven-post-image-wrap\">\r\n\t\t\t<a class=\"raven-post-image raven-image-fit\"  href=\"https:\/\/alanyakuafor.com\/de\/alanya-kuafor-arayisinda-olanlar-icin-dogru-adres-nasil-secilir\/\"><img loading=\"lazy\" decoding=\"async\" width=\"1024\" height=\"1024\" src=\"https:\/\/alanyakuafor.com\/wp-content\/uploads\/2025\/08\/5.png\" class=\"attachment-large size-large wp-image-688\" alt=\"\" srcset=\"https:\/\/alanyakuafor.com\/wp-content\/uploads\/2025\/08\/5.png 1024w, https:\/\/alanyakuafor.com\/wp-content\/uploads\/2025\/08\/5-300x300.png 300w, https:\/\/alanyakuafor.com\/wp-content\/uploads\/2025\/08\/5-150x150.png 150w, https:\/\/alanyakuafor.com\/wp-content\/uploads\/2025\/08\/5-768x768.png 768w, https:\/\/alanyakuafor.com\/wp-content\/uploads\/2025\/08\/5-12x12.png 12w, https:\/\/alanyakuafor.com\/wp-content\/uploads\/2025\/08\/5-500x500.png 500w\" sizes=\"(max-width: 1024px) 100vw, 1024px\" \/> <span class=\"raven-post-image-overlay\"><\/span><\/a>\t\t<\/div>\r\n\t\t\r\n\t\t\t\t\t<div class=\"raven-post-content\">\r\n\t\t\t\t\t\t<h3 class=\"raven-post-title\"><a class=\"raven-post-title-link\" href=\"https:\/\/alanyakuafor.com\/de\/alanya-kuafor-arayisinda-olanlar-icin-dogru-adres-nasil-secilir\/\">Wie findet man die richtige Adresse f\u00fcr alle, die in Alanya einen Friseursalon suchen?<\/a><\/h3><div class=\"raven-post-excerpt\">Sch\u00f6nheit und K\u00f6rperpflege dienen nicht mehr nur der Verbesserung des \u00e4u\u00dferen Erscheinungsbildes; sie sind auch ein wichtiger Aspekt, der dazu beitr\u00e4gt, dass sich Menschen wohler f\u00fchlen, ihr Selbstvertrauen st\u00e4rken und ihren Stil besser zum Ausdruck bringen k\u00f6nnen.<\/div>\t\t<div class=\"raven-post-read-more\">\r\n\t\t\t<a class=\"raven-post-button\" href=\"https:\/\/alanyakuafor.com\/de\/alanya-kuafor-arayisinda-olanlar-icin-dogru-adres-nasil-secilir\/\"><span class=\"raven-post-button-text\">Mehr lesen<\/span><\/a>\r\n\t\t<\/div>\r\n\t\t\t\t\t\t\t<\/div>\r\n\t\t\t\t<\/div>\r\n\t\t\t<\/div>\r\n\t\t<\/div>\r\n\t\t\r\n\t\t<div class=\"swiper-slide\">\r\n\t\t\t<div class=\"raven-post-wrapper\">\r\n\t\t\t\t<div class=\"raven-post\">\r\n\t\t\t\t\t\t\t<div class=\"raven-post-image-wrap\">\r\n\t\t\t<a class=\"raven-post-image raven-image-fit\"  href=\"https:\/\/alanyakuafor.com\/de\/alanya-kuafor-tercihinde-kaliteli-hizmet-ve-dogru-uzmanlik-neden-bu-kadar-onemlidir\/\"><img loading=\"lazy\" decoding=\"async\" width=\"1024\" height=\"1024\" src=\"https:\/\/alanyakuafor.com\/wp-content\/uploads\/2025\/08\/6.png\" class=\"attachment-large size-large wp-image-689\" alt=\"\" srcset=\"https:\/\/alanyakuafor.com\/wp-content\/uploads\/2025\/08\/6.png 1024w, https:\/\/alanyakuafor.com\/wp-content\/uploads\/2025\/08\/6-300x300.png 300w, https:\/\/alanyakuafor.com\/wp-content\/uploads\/2025\/08\/6-150x150.png 150w, https:\/\/alanyakuafor.com\/wp-content\/uploads\/2025\/08\/6-768x768.png 768w, https:\/\/alanyakuafor.com\/wp-content\/uploads\/2025\/08\/6-12x12.png 12w, https:\/\/alanyakuafor.com\/wp-content\/uploads\/2025\/08\/6-500x500.png 500w\" sizes=\"(max-width: 1024px) 100vw, 1024px\" \/> <span class=\"raven-post-image-overlay\"><\/span><\/a>\t\t<\/div>\r\n\t\t\r\n\t\t\t\t\t<div class=\"raven-post-content\">\r\n\t\t\t\t\t\t<h3 class=\"raven-post-title\"><a class=\"raven-post-title-link\" href=\"https:\/\/alanyakuafor.com\/de\/alanya-kuafor-tercihinde-kaliteli-hizmet-ve-dogru-uzmanlik-neden-bu-kadar-onemlidir\/\">Warum sind qualitativ hochwertiger Service und die richtige Fachkompetenz bei der Wahl eines Friseurs in Alanya so wichtig?<\/a><\/h3><div class=\"raven-post-excerpt\">Heutzutage beschr\u00e4nken sich Friseurdienstleistungen nicht mehr nur auf Haarschnitte. Wenn Kunden zum Friseur gehen, wollen sie nicht mehr nur ihre Haare schneiden oder f\u00e4rben lassen; sie m\u00f6chten auch den Look finden, der ihnen am besten steht, und ihre Haare vorteilhaft stylen lassen.<\/div>\t\t<div class=\"raven-post-read-more\">\r\n\t\t\t<a class=\"raven-post-button\" href=\"https:\/\/alanyakuafor.com\/de\/alanya-kuafor-tercihinde-kaliteli-hizmet-ve-dogru-uzmanlik-neden-bu-kadar-onemlidir\/\"><span class=\"raven-post-button-text\">Mehr lesen<\/span><\/a>\r\n\t\t<\/div>\r\n\t\t\t\t\t\t\t<\/div>\r\n\t\t\t\t<\/div>\r\n\t\t\t<\/div>\r\n\t\t<\/div>\r\n\t\t\t\t\t\t<\/div>\r\n\t\t<div class=\"swiper-pagination swiper-pager-outside bullets-pagination-type\"><\/div>\r\n\t\t<\/div>\r\n\r\n\t\t\t\t\t\t\t<div class=\"swiper-button-prev\"><\/div>\r\n\t\t\t\t<div class=\"swiper-button-next\"><\/div>\r\n\t\t\t\r\n\t\t<\/div>\r\n\t\t\t\t\t\t<\/div>\n\t\t\t\t<\/div>\n\t\t\t\t<\/div>\n\t\t\t\t\t<\/div>\n\t\t\t\t<\/div>\n\t\t\t\t<\/div>","protected":false},"excerpt":{"rendered":"<p>Unsere Blog-Beitr\u00e4ge Was wir f\u00fcr Sie vorbereitet haben Test-Blog-Beitrag Titel Lorem ipsum dolor sit amet, consectetur adipiscing elit. Ut elit tellus, luctus nec ullamcorper mattis, pulvinar dapibus leo.Lorem ipsum dolor sit amet, consectetur adipiscing elit. Ut elit tellus, luctus nec Weiterlesen Test-Blog-Beitrag Titel Lorem ipsum dolor sit amet, consectetur adipiscing elit. Ut Elite [\u2026]<\/p>","protected":false},"author":1,"featured_media":636,"parent":0,"menu_order":0,"comment_status":"closed","ping_status":"closed","template":"elementor_header_footer","meta":{"_acf_changed":false,"footnotes":""},"class_list":["post-105","page","type-page","status-publish","has-post-thumbnail","hentry"],"acf":[],"yoast_head":"<!-- This site is optimized with the Yoast SEO plugin v25.6 - https:\/\/yoast.com\/wordpress\/plugins\/seo\/ -->\n<title>Blog<\/title>\n<meta name=\"robots\" content=\"index, follow, max-snippet:-1, max-image-preview:large, max-video-preview:-1\" \/>\n<link rel=\"canonical\" href=\"https:\/\/alanyakuafor.com\/de\/blog\/\" \/>\n<meta property=\"og:locale\" content=\"de_DE\" \/>\n<meta property=\"og:type\" content=\"article\" \/>\n<meta property=\"og:title\" content=\"Blog\" \/>\n<meta property=\"og:description\" content=\"Blog Yaz\u0131lar\u0131m\u0131z Sizin \u0130\u00e7in Haz\u0131rlad\u0131klar\u0131m\u0131z Test Blog Yaz\u0131s\u0131 Ba\u015fl\u0131\u011f\u0131 Lorem ipsum dolor sit amet, consectetur adipiscing elit. Ut elit tellus, luctus nec ullamcorper mattis, pulvinar dapibus leo.Lorem ipsum dolor sit amet, consectetur adipiscing elit. Ut elit tellus, luctus nec Devam\u0131n\u0131 Oku Test Blog Yaz\u0131s\u0131 Ba\u015fl\u0131\u011f\u0131 Lorem ipsum dolor sit amet, consectetur adipiscing elit. Ut elit [&hellip;]\" \/>\n<meta property=\"og:url\" content=\"https:\/\/alanyakuafor.com\/de\/blog\/\" \/>\n<meta property=\"og:site_name\" content=\"Alanya Kuaf\u00f6r | Elizii Kuaf\u00f6r Alanya\" \/>\n<meta property=\"article:modified_time\" content=\"2026-03-26T17:21:36+00:00\" \/>\n<meta property=\"og:image\" content=\"https:\/\/alanyakuafor.com\/wp-content\/uploads\/2026\/03\/cropped-Alanya-Kuafor-Favicon-Seffaf.png\" \/>\n\t<meta property=\"og:image:width\" content=\"512\" \/>\n\t<meta property=\"og:image:height\" content=\"512\" \/>\n\t<meta property=\"og:image:type\" content=\"image\/png\" \/>\n<meta name=\"twitter:card\" content=\"summary_large_image\" \/>\n<meta name=\"twitter:label1\" content=\"Gesch\u00e4tzte Lesezeit\" \/>\n\t<meta name=\"twitter:data1\" content=\"6\u00a0Minuten\" \/>\n<script type=\"application\/ld+json\" class=\"yoast-schema-graph\">{\"@context\":\"https:\/\/schema.org\",\"@graph\":[{\"@type\":\"WebPage\",\"@id\":\"https:\/\/alanyakuafor.com\/blog\/\",\"url\":\"https:\/\/alanyakuafor.com\/blog\/\",\"name\":\"Blog\",\"isPartOf\":{\"@id\":\"https:\/\/alanyakuafor.com\/#website\"},\"primaryImageOfPage\":{\"@id\":\"https:\/\/alanyakuafor.com\/blog\/#primaryimage\"},\"image\":{\"@id\":\"https:\/\/alanyakuafor.com\/blog\/#primaryimage\"},\"thumbnailUrl\":\"https:\/\/alanyakuafor.com\/wp-content\/uploads\/2026\/03\/cropped-Alanya-Kuafor-Favicon-Seffaf.png\",\"datePublished\":\"2020-06-24T07:16:32+00:00\",\"dateModified\":\"2026-03-26T17:21:36+00:00\",\"breadcrumb\":{\"@id\":\"https:\/\/alanyakuafor.com\/blog\/#breadcrumb\"},\"inLanguage\":\"de\",\"potentialAction\":[{\"@type\":\"ReadAction\",\"target\":[\"https:\/\/alanyakuafor.com\/blog\/\"]}]},{\"@type\":\"ImageObject\",\"inLanguage\":\"de\",\"@id\":\"https:\/\/alanyakuafor.com\/blog\/#primaryimage\",\"url\":\"https:\/\/alanyakuafor.com\/wp-content\/uploads\/2026\/03\/cropped-Alanya-Kuafor-Favicon-Seffaf.png\",\"contentUrl\":\"https:\/\/alanyakuafor.com\/wp-content\/uploads\/2026\/03\/cropped-Alanya-Kuafor-Favicon-Seffaf.png\",\"width\":512,\"height\":512},{\"@type\":\"BreadcrumbList\",\"@id\":\"https:\/\/alanyakuafor.com\/blog\/#breadcrumb\",\"itemListElement\":[{\"@type\":\"ListItem\",\"position\":1,\"name\":\"Anasayfa\",\"item\":\"https:\/\/alanyakuafor.com\/\"},{\"@type\":\"ListItem\",\"position\":2,\"name\":\"Blog\"}]},{\"@type\":\"WebSite\",\"@id\":\"https:\/\/alanyakuafor.com\/#website\",\"url\":\"https:\/\/alanyakuafor.com\/\",\"name\":\"Alanya Kuaf\u00f6r | Elizii Kuaf\u00f6r Alanya\",\"description\":\"Alanya Kuaf\u00f6r | Elizii Kuaf\u00f6r Alanya\",\"potentialAction\":[{\"@type\":\"SearchAction\",\"target\":{\"@type\":\"EntryPoint\",\"urlTemplate\":\"https:\/\/alanyakuafor.com\/?s={search_term_string}\"},\"query-input\":{\"@type\":\"PropertyValueSpecification\",\"valueRequired\":true,\"valueName\":\"search_term_string\"}}],\"inLanguage\":\"de\"}]}<\/script>\n<!-- \/ Yoast SEO plugin. -->","yoast_head_json":{"title":"Blog","robots":{"index":"index","follow":"follow","max-snippet":"max-snippet:-1","max-image-preview":"max-image-preview:large","max-video-preview":"max-video-preview:-1"},"canonical":"https:\/\/alanyakuafor.com\/de\/blog\/","og_locale":"de_DE","og_type":"article","og_title":"Blog","og_description":"Blog Yaz\u0131lar\u0131m\u0131z Sizin \u0130\u00e7in Haz\u0131rlad\u0131klar\u0131m\u0131z Test Blog Yaz\u0131s\u0131 Ba\u015fl\u0131\u011f\u0131 Lorem ipsum dolor sit amet, consectetur adipiscing elit. Ut elit tellus, luctus nec ullamcorper mattis, pulvinar dapibus leo.Lorem ipsum dolor sit amet, consectetur adipiscing elit. Ut elit tellus, luctus nec Devam\u0131n\u0131 Oku Test Blog Yaz\u0131s\u0131 Ba\u015fl\u0131\u011f\u0131 Lorem ipsum dolor sit amet, consectetur adipiscing elit. Ut elit [&hellip;]","og_url":"https:\/\/alanyakuafor.com\/de\/blog\/","og_site_name":"Alanya Kuaf\u00f6r | Elizii Kuaf\u00f6r Alanya","article_modified_time":"2026-03-26T17:21:36+00:00","og_image":[{"width":512,"height":512,"url":"https:\/\/alanyakuafor.com\/wp-content\/uploads\/2026\/03\/cropped-Alanya-Kuafor-Favicon-Seffaf.png","type":"image\/png"}],"twitter_card":"summary_large_image","twitter_misc":{"Gesch\u00e4tzte Lesezeit":"6\u00a0Minuten"},"schema":{"@context":"https:\/\/schema.org","@graph":[{"@type":"WebPage","@id":"https:\/\/alanyakuafor.com\/blog\/","url":"https:\/\/alanyakuafor.com\/blog\/","name":"Blog","isPartOf":{"@id":"https:\/\/alanyakuafor.com\/#website"},"primaryImageOfPage":{"@id":"https:\/\/alanyakuafor.com\/blog\/#primaryimage"},"image":{"@id":"https:\/\/alanyakuafor.com\/blog\/#primaryimage"},"thumbnailUrl":"https:\/\/alanyakuafor.com\/wp-content\/uploads\/2026\/03\/cropped-Alanya-Kuafor-Favicon-Seffaf.png","datePublished":"2020-06-24T07:16:32+00:00","dateModified":"2026-03-26T17:21:36+00:00","breadcrumb":{"@id":"https:\/\/alanyakuafor.com\/blog\/#breadcrumb"},"inLanguage":"de","potentialAction":[{"@type":"ReadAction","target":["https:\/\/alanyakuafor.com\/blog\/"]}]},{"@type":"ImageObject","inLanguage":"de","@id":"https:\/\/alanyakuafor.com\/blog\/#primaryimage","url":"https:\/\/alanyakuafor.com\/wp-content\/uploads\/2026\/03\/cropped-Alanya-Kuafor-Favicon-Seffaf.png","contentUrl":"https:\/\/alanyakuafor.com\/wp-content\/uploads\/2026\/03\/cropped-Alanya-Kuafor-Favicon-Seffaf.png","width":512,"height":512},{"@type":"BreadcrumbList","@id":"https:\/\/alanyakuafor.com\/blog\/#breadcrumb","itemListElement":[{"@type":"ListItem","position":1,"name":"Anasayfa","item":"https:\/\/alanyakuafor.com\/"},{"@type":"ListItem","position":2,"name":"Blog"}]},{"@type":"WebSite","@id":"https:\/\/alanyakuafor.com\/#website","url":"https:\/\/alanyakuafor.com\/","name":"Alanya Kuaf\u00f6r | Elizii Kuaf\u00f6r Alanya","description":"Alanya Kuaf\u00f6r | Elizii Kuaf\u00f6r Alanya","potentialAction":[{"@type":"SearchAction","target":{"@type":"EntryPoint","urlTemplate":"https:\/\/alanyakuafor.com\/?s={search_term_string}"},"query-input":{"@type":"PropertyValueSpecification","valueRequired":true,"valueName":"search_term_string"}}],"inLanguage":"de"}]}},"_links":{"self":[{"href":"https:\/\/alanyakuafor.com\/de\/wp-json\/wp\/v2\/pages\/105","targetHints":{"allow":["GET"]}}],"collection":[{"href":"https:\/\/alanyakuafor.com\/de\/wp-json\/wp\/v2\/pages"}],"about":[{"href":"https:\/\/alanyakuafor.com\/de\/wp-json\/wp\/v2\/types\/page"}],"author":[{"embeddable":true,"href":"https:\/\/alanyakuafor.com\/de\/wp-json\/wp\/v2\/users\/1"}],"replies":[{"embeddable":true,"href":"https:\/\/alanyakuafor.com\/de\/wp-json\/wp\/v2\/comments?post=105"}],"version-history":[{"count":9,"href":"https:\/\/alanyakuafor.com\/de\/wp-json\/wp\/v2\/pages\/105\/revisions"}],"predecessor-version":[{"id":680,"href":"https:\/\/alanyakuafor.com\/de\/wp-json\/wp\/v2\/pages\/105\/revisions\/680"}],"wp:featuredmedia":[{"embeddable":true,"href":"https:\/\/alanyakuafor.com\/de\/wp-json\/wp\/v2\/media\/636"}],"wp:attachment":[{"href":"https:\/\/alanyakuafor.com\/de\/wp-json\/wp\/v2\/media?parent=105"}],"curies":[{"name":"wp","href":"https:\/\/api.w.org\/{rel}","templated":true}]}}